{"id":8,"date":"2013-02-25T21:11:10","date_gmt":"2013-02-25T20:11:10","guid":{"rendered":"http:\/\/vitaz.kkweb.sk\/?page_id=8"},"modified":"2025-10-15T19:14:25","modified_gmt":"2025-10-15T17:14:25","slug":"kontakt","status":"publish","type":"page","link":"https:\/\/pzvitaz.kkweb.sk\/?page_id=8","title":{"rendered":"Kontakt"},"content":{"rendered":"<h1 style=\"margin-top: 0px; margin-bottom: 0px; font-size: 1.5em; color: #333333; border-bottom-width: 1px; border-bottom-style: solid; border-bottom-color: #eeeeee; font-family: 'Trebuchet MS', Tahoma, Verdana, Arial, Helvetica, sans-serif;\"><span style=\"color: #339966;\">Po\u013eovn\u00edcke zdru\u017eenie V\u00ed\u0165az zo s\u00eddlom v Slovenskej Vsi<\/span><\/h1>\n<hr \/>\n<p><span style=\"color: #ffffff; font-family: 'Trebuchet MS', Tahoma, Verdana, Arial, Helvetica, sans-serif; font-size: medium;\"><strong>I\u010cO:<\/strong> \u00a035511052<\/span><\/p>\n<p><span style=\"color: #ffffff; font-family: 'Trebuchet MS', Tahoma, Verdana, Arial, Helvetica, sans-serif; font-size: medium;\"><strong>\u010c\u00edslo \u00fa\u010dtu:<\/strong> 0093288567\/0900<\/span><\/p>\n<p><span style=\"color: #ffffff;\"><strong>IBAN: SK12 0900 0000 0000 9328 8567<\/strong><\/span><\/p>\n<p><span style=\"color: #ffffff;\"><strong>email<\/strong>:\u00a0 \u00a0pzvitaz@gmail.com<\/span><\/p>\n<p><span style=\"color: #ffffff;\"><strong>doru\u010dovacia adresa PZ:<\/strong> PZ V\u00ed\u0165az zo s\u00eddlom v Slovenskej Vsi, Voj\u0148any 39, 059 02 Voj\u0148any<\/span><\/p>\n<hr \/>\n<p><span style=\"color: #ffffff;\"><strong style=\"font-family: 'Trebuchet MS', Tahoma, Verdana, Arial, Helvetica, sans-serif; font-size: medium;\">Predseda:<\/strong><span style=\"font-family: 'Trebuchet MS', Tahoma, Verdana, Arial, Helvetica, sans-serif; font-size: medium;\">\u00a0 \u00a0 \u00a0 \u00a0 \u00a0 \u00a0 \u00a0 \u00a0 \u00a0 \u00a0\u00a0\u00a0\u00a0\u00a0\u00a0\u00a0\u00a0\u00a0 Eduard Kri\u0161\u0161\u00e1k \u00a0 \u00a0 \u00a0 \u00a0\u00a0\u00a0 mob. 0905 206 146<br \/>\n<\/span><\/span><\/p>\n<p><span style=\"color: #ffffff; font-family: 'Trebuchet MS', Tahoma, Verdana, Arial, Helvetica, sans-serif; font-size: medium;\"><strong>Hospod\u00e1r:<\/strong> \u00a0 \u00a0 \u00a0 \u00a0 \u00a0 \u00a0 \u00a0 \u00a0 \u00a0 \u00a0\u00a0\u00a0\u00a0\u00a0\u00a0\u00a0\u00a0 Eduard Kri\u0161\u0161\u00e1k ml. \u00a0 \u00a0 mob. 0915 962 181<br \/>\n<\/span><\/p>\n<p><span style=\"color: #ffffff; font-family: 'Trebuchet MS', Tahoma, Verdana, Arial, Helvetica, sans-serif; font-size: medium;\"><strong>Tajomn\u00edk:<\/strong> \u00a0 \u00a0 \u00a0 \u00a0 \u00a0 \u00a0 \u00a0 \u00a0 \u00a0\u00a0\u00a0\u00a0\u00a0\u00a0\u00a0\u00a0\u00a0\u00a0 Mari\u00e1n Gabor\u010d\u00edk\u00a0\u00a0\u00a0\u00a0\u00a0\u00a0\u00a0\u00a0 mob. 0905 144 665\u00a0 e mail: mariangaborcik7@gmail.com<br \/>\n<\/span><\/p>\n<p><span style=\"color: #ffffff; font-family: 'Trebuchet MS', Tahoma, Verdana, Arial, Helvetica, sans-serif; font-size: medium;\"><strong>Finan\u010dn\u00fd referent:<\/strong> \u00a0 \u00a0 \u00a0 \u00a0Ing. Peter Gurka\u00a0 \u00a0 \u00a0 \u00a0 \u00a0 \u00a0 \u00a0 \u00a0mob. 0903 221 818<br \/>\n<\/span><\/p>\n<p><span style=\"color: #ffffff; font-family: 'Trebuchet MS', Tahoma, Verdana, Arial, Helvetica, sans-serif; font-size: medium;\"><strong>Kult\u00farny referent:<\/strong> \u00a0 \u00a0 \u00a0 \u00a0\u00a0\u00a0\u00a0\u00a0\u00a0\u00a0 Jaroslav Krigovsk\u00fd\u00a0\u00a0\u00a0\u00a0 mob. 0904 330 850<br \/>\n<\/span><\/p>\n<p><span style=\"color: #ffffff; font-family: 'Trebuchet MS', Tahoma, Verdana, Arial, Helvetica, sans-serif; font-size: medium;\"><strong>Streleck\u00fd referent:<\/strong> \u00a0 \u00a0 \u00a0\u00a0\u00a0\u00a0\u00a0\u00a0\u00a0\u00a0 Pavol Le\u0161\u010d\u00e1k\u00a0\u00a0\u00a0\u00a0\u00a0\u00a0\u00a0\u00a0\u00a0\u00a0\u00a0\u00a0 mob. 0948 547 538<br \/>\n<\/span><\/p>\n<p><span style=\"color: #ffffff; font-family: 'Trebuchet MS', Tahoma, Verdana, Arial, Helvetica, sans-serif; font-size: medium;\"><strong>Kynologick\u00fd referent:<\/strong>\u00a0 \u00a0 \u00a0 \u00a0 \u00a0 Pavol Le\u0161\u010d\u00e1k\u00a0 \u00a0 \u00a0 \u00a0 \u00a0 \u00a0 \u00a0mob. 0948 547 538<\/span><\/p>\n<p><span style=\"color: #ffffff; font-family: 'Trebuchet MS', Tahoma, Verdana, Arial, Helvetica, sans-serif; font-size: medium;\"><strong>Predseda rev\u00edznej komisie:<\/strong> Stanislav Pekar\u010d\u00edk\u00a0\u00a0\u00a0\u00a0 mob. 0905 452 610<br \/>\n<\/span><\/p>\n<p>&nbsp;<\/p>\n<p>&nbsp;<\/p>\n","protected":false},"excerpt":{"rendered":"<p>Po\u013eovn\u00edcke zdru\u017eenie V\u00ed\u0165az zo s\u00eddlom v Slovenskej Vsi I\u010cO: \u00a035511052 \u010c\u00edslo \u00fa\u010dtu: 0093288567\/0900 IBAN: SK12 0900 0000 0000 9328 8567 email:\u00a0 \u00a0pzvitaz@gmail.com doru\u010dovacia adresa PZ: PZ V\u00ed\u0165az zo s\u00eddlom v Slovenskej Vsi, Voj\u0148any 39, 059 02 Voj\u0148any Predseda:\u00a0 \u00a0 \u00a0 \u00a0 \u00a0 \u00a0 \u00a0 \u00a0 \u00a0 \u00a0\u00a0\u00a0\u00a0\u00a0\u00a0\u00a0\u00a0\u00a0 Eduard Kri\u0161\u0161\u00e1k \u00a0 \u00a0 \u00a0 \u00a0\u00a0\u00a0 mob. 0905 [&hellip;]<\/p>\n","protected":false},"author":1,"featured_media":0,"parent":0,"menu_order":2,"comment_status":"closed","ping_status":"closed","template":"","meta":{"footnotes":""},"class_list":["post-8","page","type-page","status-publish","hentry"],"_links":{"self":[{"href":"https:\/\/pzvitaz.kkweb.sk\/index.php?rest_route=\/wp\/v2\/pages\/8","targetHints":{"allow":["GET"]}}],"collection":[{"href":"https:\/\/pzvitaz.kkweb.sk\/index.php?rest_route=\/wp\/v2\/pages"}],"about":[{"href":"https:\/\/pzvitaz.kkweb.sk\/index.php?rest_route=\/wp\/v2\/types\/page"}],"author":[{"embeddable":true,"href":"https:\/\/pzvitaz.kkweb.sk\/index.php?rest_route=\/wp\/v2\/users\/1"}],"replies":[{"embeddable":true,"href":"https:\/\/pzvitaz.kkweb.sk\/index.php?rest_route=%2Fwp%2Fv2%2Fcomments&post=8"}],"version-history":[{"count":10,"href":"https:\/\/pzvitaz.kkweb.sk\/index.php?rest_route=\/wp\/v2\/pages\/8\/revisions"}],"predecessor-version":[{"id":3184,"href":"https:\/\/pzvitaz.kkweb.sk\/index.php?rest_route=\/wp\/v2\/pages\/8\/revisions\/3184"}],"wp:attachment":[{"href":"https:\/\/pzvitaz.kkweb.sk\/index.php?rest_route=%2Fwp%2Fv2%2Fmedia&parent=8"}],"curies":[{"name":"wp","href":"https:\/\/api.w.org\/{rel}","templated":true}]}}