{"id":6,"date":"2013-02-25T19:24:49","date_gmt":"2013-02-25T18:24:49","guid":{"rendered":"http:\/\/vitaz.kkweb.sk\/?page_id=6"},"modified":"2017-11-28T12:05:29","modified_gmt":"2017-11-28T11:05:29","slug":"z-historie","status":"publish","type":"page","link":"https:\/\/pzvitaz.kkweb.sk\/?page_id=6","title":{"rendered":"Z hist\u00f3rie"},"content":{"rendered":"<p><strong>Z hist\u00f3rie po\u013eovn\u00edctva v po\u013eovnom rev\u00edri\u00a0<img loading=\"lazy\" decoding=\"async\" class=\" wp-image-161 alignright\" src=\"http:\/\/pzvitaz.kkweb.sk\/wp-content\/uploads\/2013\/02\/Scan10031-300x220.jpg\" alt=\"\" width=\"406\" height=\"298\" srcset=\"https:\/\/pzvitaz.kkweb.sk\/wp-content\/uploads\/2013\/02\/Scan10031-300x220.jpg 300w, https:\/\/pzvitaz.kkweb.sk\/wp-content\/uploads\/2013\/02\/Scan10031-768x563.jpg 768w, https:\/\/pzvitaz.kkweb.sk\/wp-content\/uploads\/2013\/02\/Scan10031.jpg 1024w\" sizes=\"auto, (max-width: 406px) 100vw, 406px\" \/><\/strong><\/p>\n<p><strong>\u00a0 \u00a0 \u00a0 \u00a0 \u00a0 \u00a0 \u00a0 \u00a0 \u00a0 \u00a0 \u00a0 \u00a0Slovensk\u00e1 Ves.\u00a0<\/strong><\/p>\n<p style=\"text-align: justify;\">\u00a0 \u00a0 Pr\u00e1vo po\u013eovn\u00edctva bolo neoddelite\u013enou s\u00fa\u010das\u0165ou vlastn\u00edka pozemku. Vlastn\u00edci pozemkov z \u00a0men\u0161ou v\u00fdmerou mohli uplat\u0148ova\u0165 v\u00fdkon pr\u00e1va po\u013eovn\u00edctva spolo\u010dne a mohli aj prenaj\u00edma\u0165 \u010das\u0165 pozemkov od in\u00fdch men\u0161\u00edch vlastn\u00edkov, alebo aj r\u00f4znych urb\u00e1rnych spolo\u010dnost\u00ed a pod. Na \u00fazem\u00ed po\u013eovn\u00e9ho rev\u00edru po prvej svetovej vojne vykon\u00e1vali pr\u00e1vo po\u013eovn\u00edctva sami majitelia. Na pozemkoch v Slovenskej Vsi V\u00e1gner, ktor\u00fd bol aj\u00a0 majite\u013eom ka\u0161tie\u013ea. Spolu s n\u00edm po\u013eovali\u00a0 Cirkev a Harvan z Ke\u017emarku a akademick\u00fd maliar \u0160ovanka. V obci V\u00fdborn\u00e1 vlastn\u00edci pozemkov Max, Toporcer, ktor\u00ed boli ro\u013en\u00edci.Po osloboden\u00ed za\u010dali po\u013eova\u0165 \u0160tefan Tarn\u00f3czy, Ondrej Siska a Ondrej Stri\u0161ovsk\u00fd zo Slovenskej Vsi.<\/p>\n<p style=\"text-align: justify;\">V roku 1963 VLM n.p. Ke\u017emarok, prenaj\u00edmate\u013e lesn\u00e9ho rev\u00edru si chcel vytvori\u0165 pre seba re\u017eijn\u00fd rev\u00edr z Lendack\u00e9ho, V\u00fdbor\u0148ansk\u00e9ho a \u010dasti Slov.Ves. Proti t\u00fdmto pl\u00e1nom, Po\u013eovn\u00edcka spolo\u010dnos\u0165 protestovala. Padlo rozhodnutie, vytvori\u0165 dve po\u013eovn\u00edcke spolo\u010dnosti . D\u0148a 7.1.1963 na \u010dlenskej sch\u00f4dzi boli vytvoren\u00e9 dve po\u013eovn\u00edcke spolky PS-Spi\u0161sk\u00e1 Bel\u00e1 s po\u010dtom \u010dlenov 12 a PS-Slovensk\u00e1 Ves s po\u010dtom \u010dlenov 12. PS- V\u00ed\u0165az so s\u00eddlom v Slov.Vsi. V roku 1972-74 sa pracovalo na v\u00fdstavbe chaty Kamence, zapo\u010dalo sa s v\u00fdstavbou k\u0155melcov, k\u0155mnej linky na ov\u0161isk\u00e1ch a v\u00fdstavba posedoch. Viac pozornosti sa venovalo prikrmovaniu zveri a udr\u017eiavaniu pol\u00ed\u010dok. V obdob\u00ed od vzniku zdru\u017eenia a\u017e do 31.12.1982 prenaj\u00edmate\u013eom rev\u00edru bolo VLM n.p. Ke\u017emarok. Aby sa predi\u0161lo probl\u00e9mom pri \u010fal\u0161\u00edch obnov\u00e1ch zml\u00fav ONV v Poprade v s\u00falade so z\u00e1konom \u010d.23\/1962 Zb. o po\u013eovn\u00edctve, priznal pr\u00e1vo po\u013eovn\u00edctva pre JRD TATRY v Sp.Belej, ktor\u00e9ho pozemky tvorili 73% z celkovej plochy po\u013eovn\u00e9ho rev\u00edru. Ostatn\u00e9\u00a0 pozemky o v\u00fdmere 1233 ha t.j. 23% u\u017e\u00edvali VLM v Ke\u017emarok. Rozloha po\u013eovn\u00e9ho rev\u00edru bola schv\u00e1len\u00e1 o celkovej v\u00fdmere 4567 ha. Pri obnove zmluvy v roku 1993 boli zmluvy dohodnut\u00e9 na 3988 ha.z vlastn\u00edkmi pozemkov a VLM Ke\u017emarok.<\/p>\n<p style=\"text-align: justify;\">S\u00fa\u010dasn\u00fd po\u010det \u010dlenov v PZ je 31, z toho\u00a0 dvaja\u00a0 ktor\u00ed boli pri zrode s\u00fa akt\u00edvny \u010dlenovia jedn\u00e1 sa o p\u00e1na J\u00e1na Krempask\u00e9ho &#8211; (s\u00fa\u010dasn\u00fd tajomn\u00edk) a Ing. Franti\u0161ek Klein\u00a0 dlhoro\u010dn\u00fd \u00faspe\u0161n\u00fd a v\u00e1\u017een\u00fd hospod\u00e1r ktor\u00e9mu\u00a0 \u010dlenovia PZ V\u00ed\u0165az v\u010fa\u010dia za vybudovanie po\u013eovn\u00edckeho zdru\u017eenia, ktor\u00e9 aj v s\u00fa\u010dasnosti v celo okresnom hodnoten\u00ed zaber\u00e1 popredn\u00e9 miesta.<\/p>\n\n\t\t<style type=\"text\/css\">\n\t\t\t#gallery-1 {\n\t\t\t\tmargin: auto;\n\t\t\t}\n\t\t\t#gallery-1 .gallery-item {\n\t\t\t\tfloat: left;\n\t\t\t\tmargin-top: 10px;\n\t\t\t\ttext-align: center;\n\t\t\t\twidth: 20%;\n\t\t\t}\n\t\t\t#gallery-1 img {\n\t\t\t\tborder: 2px solid #cfcfcf;\n\t\t\t}\n\t\t\t#gallery-1 .gallery-caption {\n\t\t\t\tmargin-left: 0;\n\t\t\t}\n\t\t\t\/* see gallery_shortcode() in wp-includes\/media.php *\/\n\t\t<\/style>\n\t\t<div id='gallery-1' class='gallery galleryid-6 gallery-columns-5 gallery-size-thumbnail'><dl class='gallery-item'>\n\t\t\t<dt class='gallery-icon landscape'>\n\t\t\t\t<a href='https:\/\/pzvitaz.kkweb.sk\/?attachment_id=167'><img loading=\"lazy\" decoding=\"async\" width=\"150\" height=\"150\" src=\"https:\/\/pzvitaz.kkweb.sk\/wp-content\/uploads\/2017\/07\/8-150x150.png\" class=\"attachment-thumbnail size-thumbnail\" alt=\"\" \/><\/a>\n\t\t\t<\/dt><\/dl><dl class='gallery-item'>\n\t\t\t<dt class='gallery-icon landscape'>\n\t\t\t\t<a href='https:\/\/pzvitaz.kkweb.sk\/?attachment_id=168'><img loading=\"lazy\" decoding=\"async\" width=\"150\" height=\"150\" src=\"https:\/\/pzvitaz.kkweb.sk\/wp-content\/uploads\/2017\/07\/10-150x150.png\" class=\"attachment-thumbnail size-thumbnail\" alt=\"\" \/><\/a>\n\t\t\t<\/dt><\/dl><dl class='gallery-item'>\n\t\t\t<dt class='gallery-icon landscape'>\n\t\t\t\t<a href='https:\/\/pzvitaz.kkweb.sk\/?attachment_id=172'><img loading=\"lazy\" decoding=\"async\" width=\"150\" height=\"150\" src=\"https:\/\/pzvitaz.kkweb.sk\/wp-content\/uploads\/2017\/07\/Scan10031-150x150.jpg\" class=\"attachment-thumbnail size-thumbnail\" alt=\"\" \/><\/a>\n\t\t\t<\/dt><\/dl><dl class='gallery-item'>\n\t\t\t<dt class='gallery-icon landscape'>\n\t\t\t\t<a href='https:\/\/pzvitaz.kkweb.sk\/?attachment_id=165'><img loading=\"lazy\" decoding=\"async\" width=\"150\" height=\"150\" src=\"https:\/\/pzvitaz.kkweb.sk\/wp-content\/uploads\/2017\/07\/6-150x150.png\" class=\"attachment-thumbnail size-thumbnail\" alt=\"\" \/><\/a>\n\t\t\t<\/dt><\/dl><dl class='gallery-item'>\n\t\t\t<dt class='gallery-icon landscape'>\n\t\t\t\t<a href='https:\/\/pzvitaz.kkweb.sk\/?attachment_id=171'><img loading=\"lazy\" decoding=\"async\" width=\"150\" height=\"150\" src=\"https:\/\/pzvitaz.kkweb.sk\/wp-content\/uploads\/2017\/07\/Scan10015-150x150.jpg\" class=\"attachment-thumbnail size-thumbnail\" alt=\"\" \/><\/a>\n\t\t\t<\/dt><\/dl><br style=\"clear: both\" \/><dl class='gallery-item'>\n\t\t\t<dt class='gallery-icon portrait'>\n\t\t\t\t<a href='https:\/\/pzvitaz.kkweb.sk\/?attachment_id=166'><img loading=\"lazy\" decoding=\"async\" width=\"150\" height=\"150\" src=\"https:\/\/pzvitaz.kkweb.sk\/wp-content\/uploads\/2017\/07\/7-150x150.png\" class=\"attachment-thumbnail size-thumbnail\" alt=\"\" \/><\/a>\n\t\t\t<\/dt><\/dl><dl class='gallery-item'>\n\t\t\t<dt class='gallery-icon landscape'>\n\t\t\t\t<a href='https:\/\/pzvitaz.kkweb.sk\/?attachment_id=169'><img loading=\"lazy\" decoding=\"async\" width=\"150\" height=\"150\" src=\"https:\/\/pzvitaz.kkweb.sk\/wp-content\/uploads\/2017\/07\/Scan10007-150x150.jpg\" class=\"attachment-thumbnail size-thumbnail\" alt=\"\" \/><\/a>\n\t\t\t<\/dt><\/dl><dl class='gallery-item'>\n\t\t\t<dt class='gallery-icon landscape'>\n\t\t\t\t<a href='https:\/\/pzvitaz.kkweb.sk\/?attachment_id=170'><img loading=\"lazy\" decoding=\"async\" width=\"150\" height=\"150\" src=\"https:\/\/pzvitaz.kkweb.sk\/wp-content\/uploads\/2017\/07\/Scan10013-150x150.jpg\" class=\"attachment-thumbnail size-thumbnail\" alt=\"\" \/><\/a>\n\t\t\t<\/dt><\/dl><dl class='gallery-item'>\n\t\t\t<dt class='gallery-icon landscape'>\n\t\t\t\t<a href='https:\/\/pzvitaz.kkweb.sk\/?attachment_id=164'><img loading=\"lazy\" decoding=\"async\" width=\"150\" height=\"150\" src=\"https:\/\/pzvitaz.kkweb.sk\/wp-content\/uploads\/2017\/07\/5-150x150.png\" class=\"attachment-thumbnail size-thumbnail\" alt=\"\" \/><\/a>\n\t\t\t<\/dt><\/dl><dl class='gallery-item'>\n\t\t\t<dt class='gallery-icon landscape'>\n\t\t\t\t<a href='https:\/\/pzvitaz.kkweb.sk\/?attachment_id=173'><img loading=\"lazy\" decoding=\"async\" width=\"150\" height=\"150\" src=\"https:\/\/pzvitaz.kkweb.sk\/wp-content\/uploads\/2017\/07\/Scan10032-150x150.jpg\" class=\"attachment-thumbnail size-thumbnail\" alt=\"\" \/><\/a>\n\t\t\t<\/dt><\/dl><br style=\"clear: both\" \/>\n\t\t<\/div>\n\n<p><span style=\"color: #666666; font-size: 12px; font-weight: bold;\"><br \/>\n<\/span><\/p>\n","protected":false},"excerpt":{"rendered":"<p>Z hist\u00f3rie po\u013eovn\u00edctva v po\u013eovnom rev\u00edri\u00a0 \u00a0 \u00a0 \u00a0 \u00a0 \u00a0 \u00a0 \u00a0 \u00a0 \u00a0 \u00a0 \u00a0 \u00a0Slovensk\u00e1 Ves.\u00a0 \u00a0 \u00a0 Pr\u00e1vo po\u013eovn\u00edctva bolo neoddelite\u013enou s\u00fa\u010das\u0165ou vlastn\u00edka pozemku. Vlastn\u00edci pozemkov z \u00a0men\u0161ou v\u00fdmerou mohli uplat\u0148ova\u0165 v\u00fdkon pr\u00e1va po\u013eovn\u00edctva spolo\u010dne a mohli aj prenaj\u00edma\u0165 \u010das\u0165 pozemkov od in\u00fdch men\u0161\u00edch vlastn\u00edkov, alebo aj r\u00f4znych urb\u00e1rnych spolo\u010dnost\u00ed a [&hellip;]<\/p>\n","protected":false},"author":1,"featured_media":0,"parent":0,"menu_order":4,"comment_status":"closed","ping_status":"closed","template":"","meta":{"footnotes":""},"class_list":["post-6","page","type-page","status-publish","hentry"],"_links":{"self":[{"href":"https:\/\/pzvitaz.kkweb.sk\/index.php?rest_route=\/wp\/v2\/pages\/6","targetHints":{"allow":["GET"]}}],"collection":[{"href":"https:\/\/pzvitaz.kkweb.sk\/index.php?rest_route=\/wp\/v2\/pages"}],"about":[{"href":"https:\/\/pzvitaz.kkweb.sk\/index.php?rest_route=\/wp\/v2\/types\/page"}],"author":[{"embeddable":true,"href":"https:\/\/pzvitaz.kkweb.sk\/index.php?rest_route=\/wp\/v2\/users\/1"}],"replies":[{"embeddable":true,"href":"https:\/\/pzvitaz.kkweb.sk\/index.php?rest_route=%2Fwp%2Fv2%2Fcomments&post=6"}],"version-history":[{"count":6,"href":"https:\/\/pzvitaz.kkweb.sk\/index.php?rest_route=\/wp\/v2\/pages\/6\/revisions"}],"predecessor-version":[{"id":1772,"href":"https:\/\/pzvitaz.kkweb.sk\/index.php?rest_route=\/wp\/v2\/pages\/6\/revisions\/1772"}],"wp:attachment":[{"href":"https:\/\/pzvitaz.kkweb.sk\/index.php?rest_route=%2Fwp%2Fv2%2Fmedia&parent=6"}],"curies":[{"name":"wp","href":"https:\/\/api.w.org\/{rel}","templated":true}]}}