{"id":5,"date":"2013-02-25T15:54:27","date_gmt":"2013-02-25T14:54:27","guid":{"rendered":"http:\/\/vitaz.kkweb.sk\/?page_id=5"},"modified":"2017-11-28T12:07:30","modified_gmt":"2017-11-28T11:07:30","slug":"o-nas","status":"publish","type":"page","link":"https:\/\/pzvitaz.kkweb.sk\/?page_id=5","title":{"rendered":"O n\u00e1s"},"content":{"rendered":"<p>Sme organiz\u00e1cia s dlhoro\u010dnou hist\u00f3riou a sna\u017e\u00edme sa by\u0165 organiz\u00e1ciou prakticky \u00faspe\u0161nou, k \u010domu n\u00e1m pom\u00e1haj\u00fa na\u0161i sponzori a dobrovo\u013en\u00edci.<\/p>\n<div id=\"attachment_176\" style=\"width: 310px\" class=\"wp-caption alignright\"><img loading=\"lazy\" decoding=\"async\" aria-describedby=\"caption-attachment-176\" class=\"wp-image-176 size-medium\" src=\"http:\/\/pzvitaz.kkweb.sk\/wp-content\/uploads\/2013\/02\/P6290005-300x225.jpg\" alt=\"\" width=\"300\" height=\"225\" srcset=\"https:\/\/pzvitaz.kkweb.sk\/wp-content\/uploads\/2013\/02\/P6290005-300x225.jpg 300w, https:\/\/pzvitaz.kkweb.sk\/wp-content\/uploads\/2013\/02\/P6290005-768x576.jpg 768w, https:\/\/pzvitaz.kkweb.sk\/wp-content\/uploads\/2013\/02\/P6290005.jpg 1024w\" sizes=\"auto, (max-width: 300px) 100vw, 300px\" \/><p id=\"caption-attachment-176\" class=\"wp-caption-text\">\u010clenovia PZ<\/p><\/div>\n<p>1. Slovensk\u00fd po\u013eovn\u00edcky zv\u00e4z (\u010falej len SPZ) je zdru\u017eenie ob\u010danov pod\u013ea z\u00e1kona \u010d. 83\/1990 Zb. o zdru\u017eovan\u00ed ob\u010danov, v ktorom sa zdru\u017euj\u00fa ob\u010dania Slovenskej republiky a osoby, ktor\u00e9 maj\u00fa na \u00fazem\u00ed Slovenskej republiky trval\u00fd pobyt alebo s\u00eddlo.<\/p>\n<p>&nbsp;<\/p>\n<p>Pod\u013ea \u00a7 3, ods. 3 a \u00a7 4, ods. 1 z\u00e1kona \u010d. 23\/1962 Zb. o po\u013eovn\u00edctve v znen\u00ed z\u00e1kona \u010d. 99\/1993 Z.z., ktor\u00fdm sa men\u00ed a dop\u013a\u0148a z\u00e1kon o po\u013eovn\u00edctve sa Slovensk\u00fd po\u013eovn\u00edcky zv\u00e4z z\u00fa\u010dast\u0148uje na riaden\u00ed po\u013eovn\u00edctva a v\u00fdkone pr\u00e1va po\u013eovn\u00edctva pod\u013ea ustanoven\u00ed tohto z\u00e1kona a Ministerstvo p\u00f4dohospod\u00e1rstva SR ho m\u00f4\u017ee poveri\u0165 plnen\u00edm \u010fal\u0161\u00edch \u00faloh na \u00faseku po\u013eovn\u00edctva. Z uveden\u00e9ho pre SPZ vypl\u00fdva najm\u00e4 povinnos\u0165 zver cie\u013eavedome chova\u0165 a chr\u00e1ni\u0165, lovi\u0165 ju, uloven\u00fa alebo inak usmrten\u00fa zver si privlast\u0148ova\u0165, zbiera\u0165 zhody paro\u017eia a vajcia pernatej zveri.<\/p>\n<p>&nbsp;<\/p>\n<p>2. SPZ chr\u00e1ni a presadzuje opr\u00e1vnen\u00e9 z\u00e1ujmy svojich \u010dlenov pri v\u00fdkone pr\u00e1va po\u013eovn\u00edctva, ochrane pr\u00edrody a \u017eivotn\u00e9ho prostredia, ako aj pri ostatn\u00fdch \u010dinnostiach s\u00favisiacich s po\u013eovn\u00edctvom.<\/p>\n<p>&nbsp;<\/p>\n<p>3. SPZ, jeho organiza\u010dn\u00e9 jednotky a \u010dlenovia p\u00f4sobia na zachovanie, zve\u013ea\u010fovanie, ochranu a optim\u00e1lne vyu\u017e\u00edvanie genofondu zveri a ostatnej fauny ako pr\u00edrodn\u00e9ho bohatstva Slovenskej republiky.<\/p>\n<p>&nbsp;<\/p>\n<p>4. SPZ \u010dinnos\u0165 vyv\u00edja a uskuto\u010d\u0148uje prostredn\u00edctvom svojich organiza\u010dn\u00fdch jednotiek a ich org\u00e1nov, ako aj prostredn\u00edctvom svojich \u010dlenov.<\/p>\n<p>&nbsp;<\/p>\n<p>5. SPZ a jeho organiza\u010dn\u00e9 jednotky maj\u00fa vlastn\u00fa pr\u00e1vnu subjektivitu a konaj\u00fa vo svojom mene.<\/p>\n<p>&nbsp;<\/p>\n","protected":false},"excerpt":{"rendered":"<p>Sme organiz\u00e1cia s dlhoro\u010dnou hist\u00f3riou a sna\u017e\u00edme sa by\u0165 organiz\u00e1ciou prakticky \u00faspe\u0161nou, k \u010domu n\u00e1m pom\u00e1haj\u00fa na\u0161i sponzori a dobrovo\u013en\u00edci. 1. Slovensk\u00fd po\u013eovn\u00edcky zv\u00e4z (\u010falej len SPZ) je zdru\u017eenie ob\u010danov pod\u013ea z\u00e1kona \u010d. 83\/1990 Zb. o zdru\u017eovan\u00ed ob\u010danov, v ktorom sa zdru\u017euj\u00fa ob\u010dania Slovenskej republiky a osoby, ktor\u00e9 maj\u00fa na \u00fazem\u00ed Slovenskej republiky trval\u00fd pobyt [&hellip;]<\/p>\n","protected":false},"author":1,"featured_media":0,"parent":0,"menu_order":1,"comment_status":"closed","ping_status":"closed","template":"","meta":{"footnotes":""},"class_list":["post-5","page","type-page","status-publish","hentry"],"_links":{"self":[{"href":"https:\/\/pzvitaz.kkweb.sk\/index.php?rest_route=\/wp\/v2\/pages\/5","targetHints":{"allow":["GET"]}}],"collection":[{"href":"https:\/\/pzvitaz.kkweb.sk\/index.php?rest_route=\/wp\/v2\/pages"}],"about":[{"href":"https:\/\/pzvitaz.kkweb.sk\/index.php?rest_route=\/wp\/v2\/types\/page"}],"author":[{"embeddable":true,"href":"https:\/\/pzvitaz.kkweb.sk\/index.php?rest_route=\/wp\/v2\/users\/1"}],"replies":[{"embeddable":true,"href":"https:\/\/pzvitaz.kkweb.sk\/index.php?rest_route=%2Fwp%2Fv2%2Fcomments&post=5"}],"version-history":[{"count":3,"href":"https:\/\/pzvitaz.kkweb.sk\/index.php?rest_route=\/wp\/v2\/pages\/5\/revisions"}],"predecessor-version":[{"id":179,"href":"https:\/\/pzvitaz.kkweb.sk\/index.php?rest_route=\/wp\/v2\/pages\/5\/revisions\/179"}],"wp:attachment":[{"href":"https:\/\/pzvitaz.kkweb.sk\/index.php?rest_route=%2Fwp%2Fv2%2Fmedia&parent=5"}],"curies":[{"name":"wp","href":"https:\/\/api.w.org\/{rel}","templated":true}]}}